{"id":99,"date":"2021-12-10T19:09:54","date_gmt":"2021-12-10T18:09:54","guid":{"rendered":"http:\/\/immunipersempre.com\/?page_id=99"},"modified":"2021-12-10T19:09:54","modified_gmt":"2021-12-10T18:09:54","slug":"termini-e-condizioni-di-utilizzo","status":"publish","type":"page","link":"https:\/\/immunipersempre.com\/index.php\/termini-e-condizioni-di-utilizzo\/","title":{"rendered":"Termini e Condizioni di utilizzo"},"content":{"rendered":"\n<p><strong>Note legali e policy<\/strong><br>&#8220;Immuni per sempre&#8221; \u00e8 un comitato registrato secondo la normativa italiana.<\/p>\n\n\n\n<p>L\u2019utilizzo dei testi e delle immagini contenuti in questo sito \u00e8 soggetto alla normativa italiana sul diritto d\u2019autore. \u00c8 possibile pubblicare e redistribuire testi e immagini citandone la fonte.<\/p>\n\n\n\n<p><strong>Oggetto<\/strong>. <br>L\u2019utilizzo da parte Sua, in qualit\u00e0 di utente (\u201cUtente\u201d o \u201cUtenti\u201d), del sito all\u2019indirizzo www.immunipersempre.com \u00e8 soggetto ai termini e condizioni di utilizzo (\u201cTermini e Condizioni di Utilizzo\u201d) qui di seguito specificati. Il semplice utilizzo del sito da parte dell\u2019Utente comporta l\u2019accettazione dei presenti Termini e Condizioni di Utilizzo, con effetto a partire dal primo accesso. L\u2019amministratore del sito (\u201cAmministratore\u201d) si riserva la facolt\u00e0 di modificare in qualunque momento i Termini e Condizioni di Utilizzo del sito, mediante la pubblicazione delle modifiche online. Il sito non \u00e8 una pubblicazione di tipo giornalistico, e come tale non \u00e8 soggetto alla leggi sulla stampa 47\/1948, legge 5 agosto 1981 n.416 e legge 62\/2001 e loro successive modificazioni e integrazioni. Per quanto riguarda il trattamento dei dati personali, si invitano gli Utenti a leggere l\u2019Informativa Privacy.<\/p>\n\n\n\n<p><strong>Uso del sito<\/strong>.<br>L\u2019utilizzo del sito comporta la integrale accettazione da parte degli Utenti dei presenti Termini e Condizioni di Utilizzo. Qualora gli Utenti non accettino i presenti Termini e Condizioni di Utilizzo, sono invitati ad uscire dal sito. L\u2019amministratore si riserva il diritto, a propria discrezione ed in qualsiasi momento, di modificare, alterare o altrimenti cambiare i presenti Termini e Condizioni di Utilizzo.<\/p>\n\n\n\n<p><strong>Licenza<\/strong>. <br>L\u2019amministratore concede agli Utenti di utilizzare il presente sito esclusivamente per le finalit\u00e0 del Comitato, cos\u00ec come disciplinato dai presenti Termini e Condizioni di Utilizzo. Tale facolt\u00e0 di utilizzo potr\u00e0 essere revocata dall\u2019Amministratore, a sua discrezione, in qualsiasi momento. Fatta eccezione per quanto consentito dai presenti Termini e Condizioni di Utilizzo ovvero dalla legge, gli Utenti non potranno copiare, utilizzare, trasferire, affittare, concedere in sub-licenza, prestare, modificare, adattare, tentare di modificare o alterare il codice di sorgente, effettuare operazioni di reverse engineering, decompilare, smontare o altrimenti operare, in tutto o in qualsiasi parte, sul contenuto del sito. Le informazioni ed i servizi inclusi nel presente sito sono stati compilati mediante ricorso a diverse fonti e hanno esclusivamente scopi informativi e di intrattenimento.<\/p>\n\n\n\n<p><strong>Diritti di Propriet\u00e0 Intellettuale<\/strong>. <br>Tutti i diritti sono riservati. Il sito e tutto il suo contenuto, ivi inclusi, a titolo esemplificativo, articoli, opinioni, altri testi, elenchi, guide, fotografie, illustrazioni, immagini, clips video e audio e testi pubblicitari, cos\u00ec come marchi, loghi, nomi di dominio, ditte ovvero marchi di servizio e ogni altro materiale che possa essere oggetto di diritti di privativa (inclusi codici sorgente) e\/o qualsiasi altra forma di propriet\u00e0 intellettuale (di seguito, collettivamente, \u201cMateriale\u201d), sono di propriet\u00e0 dell\u2019Amministratore ovvero di altre terze parti, e sono protetti contro l\u2019uso non autorizzato, la copia e la diffusione dalle leggi nazionali in materia di diritto d\u2019autore, marchi, pubblicit\u00e0 ed altre leggi e dai trattati internazionali. Niente di ci\u00f2 che \u00e8 contenuto nei presenti Termini e Condizioni di Utilizzo e\/o nel sito deve essere interpretato come un conferimento implicito, per acquiescenza o di altro tipo, di una licenza o del diritto di utilizzare qualsiasi Materiale in alcun modo senza il preventivo consenso scritto degli Utenti o del terzo che sia proprietario del Materiale o della propriet\u00e0 intellettuale pubblicati sul sito. In qualit\u00e0 di utilizzatori del Blog, gli Utenti accettano di non usare il materiale per scopi illeciti.<\/p>\n\n\n\n<p><strong>Esclusioni di responsabilit\u00e0.<\/strong><br>Gli Utenti prendono altres\u00ec atto che l\u2019invio di comunicazioni tramite Internet non pu\u00f2 essere completamente sicuro o riservato, e devono pertanto considerare questa eventualit\u00e0 prima di inviare qualunque informazione personale o confidenziale agli Amministratori o a terzi per il tramite del sito.<br>E\u2019 espresso onere degli Utenti assicurarsi che il loro computer sia adeguatamente protetto contro virus, accessi non autorizzati o altre violazioni della sicurezza. Gli Amministratori non sono responsabili per qualsiasi danno che possa derivare a carico del computer di ciascun Utente da qualunque violazione della sicurezza o da qualunque virus, bug, manomissione, intervento non autorizzato, truffa, errore, omissione, interruzione, cancellazione, difetto, ritardo nelle operazioni o trasmissioni, guasto delle linee del computer o qualsiasi altro difetto tecnico o di altro tipo, qualora un tale evento sia posto in relazione con la trasmissione Internet iniziata attraverso il Blog o in altro modo e che non siano un risultato diretto o indiretto della negligenza degli Amministratori.<\/p>\n\n\n\n<p><strong>Siti web collegati<\/strong>. <br>Gli Amministratori non sono responsabili ad alcun titolo per il contenuto dei siti web in qualsiasi modo collegati al sito. Tali collegamenti sono effettuati esclusivamente per comodit\u00e0 degli Utenti e l\u2019accesso a tali siti avviene a rischio e pericolo degli Utenti stessi. Un collegamento dal sito ad un qualsiasi altro sito web non comporta il fatto che gli Amministratori approvino, appoggino o raccomandino in alcun modo detto sito web ovvero abbiano alcun controllo su un qualsiasi elemento del contenuto di detto sito web.<\/p>\n\n\n\n<p><strong>Terze parti.<\/strong><br>Alcune sezioni del sito potrebbero fornire dei collegamenti a siti web che permettano agli Utenti di eseguire transazioni ovvero di acquistare beni o servizi. Queste operazioni possono essere condotte da partners di terzi o da venditori. In nessun caso gli Amministratori saranno responsabili per i beni, i servizi, le risorse o il contenuto reso disponibile attraverso tali rapporti o comunicazioni con tali terzi, ovvero per qualsiasi danno correlato. Gli Utenti sono invitati a controllare attentamente le prassi e le politiche adottate da tali terzi prima di iniziare qualsiasi transazione. Qualsiasi lamentela, reclamo o domanda che gli Utenti possano sollevare in relazione ai Materiali, documenti od alle informazioni forniti da terzi dovranno essere inviati direttamente a tali terzi.<\/p>\n\n\n\n<p><strong>Adesione e registrazione<\/strong>. <br>Alcune funzionalit\u00e0 e\/o servizi offerti attraverso il sito possono richiedere una registrazione ovvero possono altrimenti richiedere agli Utenti di fornire alcune informazioni per partecipare ad alcune iniziative o per avere accesso ad alcuni contenuti. La decisione di fornire queste informazioni \u00e8 meramente facoltativa; tuttavia, qualora gli Utenti decidano di non fornire tali informazioni, potrebbero non avere accesso ad alcuni contenuti, iniziative e\/o servizi offerti tramite il sito. Quando gli Utenti si registrano o forniscono informazioni al presente sito Blog in qualsiasi altro modo, si impegnano a fornire solo ed esclusivamente informazioni veritiere, precise, aggiornate e complete. Tali informazioni saranno utilizzate e trattate in conformit\u00e0 con la Privacy Policy del sito.<\/p>\n\n\n\n<p><strong>Dichiarazioni e Garanzie da parte degli Utenti del sito<\/strong>. <br>L\u2019Utente del sito dichiara e garantisce:<\/p>\n\n\n\n<ul><li>di aver letto e compreso i presenti Termini e Condizioni di Utilizzo del sito;<\/li><li>che si asterr\u00e0 dal riprodurre, duplicare, copiare, vendere, rivendere e comunque sfruttare a fini commerciali il sito o i contenuti dello stesso o una qualunque loro parte;<\/li><li>che non pubblicher\u00e0 o utilizzer\u00e0 dati falsi, calunniosi o diffamatori;<\/li><li>che si asterr\u00e0 da ogni forma di utilizzo, diretto e\/o indiretto, del servizio sito contrario alla legge o non conforme a quanto previsto nei presenti Termini e Condizioni di Utilizzo;<\/li><li>che si asterr\u00e0 dall\u2019immettere nel sito qualsiasi commento osceno, offensivo, violento, diffamatorio, lesivo della dignit\u00e0 personale, blasfemo e che, in particolare, non contenga: affermazioni razziste o inneggianti all\u2019inferiorit\u00e0 o superiorit\u00e0 di una razza, popolo o cultura rispetto alle altre o rispetto a minoranze, apologie di crimini contro l\u2019umanit\u00e0; incitazioni all\u2019odio o alla violenza; contenuti sessualmente espliciti, pornografici o pedo-pornografici; minacce o molestie; informazioni o messaggi che istruiscano su attivit\u00e0 illegali, inducano a attivit\u00e0 illegali o che possano causare pregiudizio a terzi; incitamenti a comportamenti pericolosi e a rischio emulazione da parte di minori o all\u2019uso di droghe o al maltrattamento di animali; messaggi, anche occulti, di natura promozionale e\/o pubblicitaria; immagini non adatte ai minori di 18 anni.<\/li><li>che non diffonder\u00e0 virus, spyware, adware, rootkit, backdoor, trojan ed altre simili minacce informatiche;<\/li><li>che non utilizzer\u00e0 software o altri meccanismi automatici o manuali per copiare o accedere alle pagine del sito o al loro contenuto.<\/li><\/ul>\n\n\n\n<p><strong>Contatti<\/strong><br>info@immunipersempre.com<\/p>\n","protected":false},"excerpt":{"rendered":"<p>Note legali e policy&#8220;Immuni per sempre&#8221; \u00e8 un comitato registrato secondo la normativa italiana. L\u2019utilizzo dei testi e delle immagini contenuti in questo sito \u00e8 &hellip;<\/p>\n","protected":false},"author":1,"featured_media":0,"parent":0,"menu_order":0,"comment_status":"closed","ping_status":"closed","template":"","meta":{"footnotes":""},"_links":{"self":[{"href":"https:\/\/immunipersempre.com\/index.php\/wp-json\/wp\/v2\/pages\/99"}],"collection":[{"href":"https:\/\/immunipersempre.com\/index.php\/wp-json\/wp\/v2\/pages"}],"about":[{"href":"https:\/\/immunipersempre.com\/index.php\/wp-json\/wp\/v2\/types\/page"}],"author":[{"embeddable":true,"href":"https:\/\/immunipersempre.com\/index.php\/wp-json\/wp\/v2\/users\/1"}],"replies":[{"embeddable":true,"href":"https:\/\/immunipersempre.com\/index.php\/wp-json\/wp\/v2\/comments?post=99"}],"version-history":[{"count":1,"href":"https:\/\/immunipersempre.com\/index.php\/wp-json\/wp\/v2\/pages\/99\/revisions"}],"predecessor-version":[{"id":100,"href":"https:\/\/immunipersempre.com\/index.php\/wp-json\/wp\/v2\/pages\/99\/revisions\/100"}],"wp:attachment":[{"href":"https:\/\/immunipersempre.com\/index.php\/wp-json\/wp\/v2\/media?parent=99"}],"curies":[{"name":"wp","href":"https:\/\/api.w.org\/{rel}","templated":true}]}}